{"id":624,"date":"2019-05-05T11:40:31","date_gmt":"2019-05-05T09:40:31","guid":{"rendered":"http:\/\/www.agchemie-noe.at\/?page_id=624"},"modified":"2019-10-05T13:58:24","modified_gmt":"2019-10-05T11:58:24","slug":"ag-tagung-2019","status":"publish","type":"page","link":"https:\/\/www.agchemie-noe.at\/index.php\/ag-tagung-2019\/","title":{"rendered":"AG Tagung 2019"},"content":{"rendered":"<p>BG\/BRG St. P\u00f6lten, Josefstra\u00dfe 84, 3100 St. P\u00f6lten<\/p>\n<p>Zeit: 23.-24.10.2019, jeweils 09:00-16:30 Uhr<\/p>\n<ol>\n<li>Tag 23.10.2019: Programm <a href=\"http:\/\/www.agchemie-noe.at\/wp-content\/uploads\/2019\/10\/AG-Tagung_CH_2019_Programm-Tag-1.pdf\">AG-Tagung_CH_2019_Programm Tag 1<\/a><\/li>\n<li>Tag 24.10.2019: Programm\u00a0<a href=\"http:\/\/www.agchemie-noe.at\/wp-content\/uploads\/2019\/10\/AG-Tagung_CH_2019_Programm-Tag-2.pdf\">AG-Tagung_CH_2019_Programm Tag 2<\/a><\/li>\n<\/ol>\n","protected":false},"excerpt":{"rendered":"<p>BG\/BRG St. P\u00f6lten, Josefstra\u00dfe 84, 3100 St. P\u00f6lten Zeit: 23.-24.10.2019, jeweils 09:00-16:30 Uhr Tag 23.10.2019: Programm AG-Tagung_CH_2019_Programm Tag 1 Tag 24.10.2019: Programm\u00a0AG-Tagung_CH_2019_Programm Tag 2<\/p>\n","protected":false},"author":1,"featured_media":0,"parent":0,"menu_order":0,"comment_status":"closed","ping_status":"closed","template":"","meta":{"footnotes":""},"class_list":["post-624","page","type-page","status-publish","hentry"],"_links":{"self":[{"href":"https:\/\/www.agchemie-noe.at\/index.php\/wp-json\/wp\/v2\/pages\/624","targetHints":{"allow":["GET"]}}],"collection":[{"href":"https:\/\/www.agchemie-noe.at\/index.php\/wp-json\/wp\/v2\/pages"}],"about":[{"href":"https:\/\/www.agchemie-noe.at\/index.php\/wp-json\/wp\/v2\/types\/page"}],"author":[{"embeddable":true,"href":"https:\/\/www.agchemie-noe.at\/index.php\/wp-json\/wp\/v2\/users\/1"}],"replies":[{"embeddable":true,"href":"https:\/\/www.agchemie-noe.at\/index.php\/wp-json\/wp\/v2\/comments?post=624"}],"version-history":[{"count":3,"href":"https:\/\/www.agchemie-noe.at\/index.php\/wp-json\/wp\/v2\/pages\/624\/revisions"}],"predecessor-version":[{"id":645,"href":"https:\/\/www.agchemie-noe.at\/index.php\/wp-json\/wp\/v2\/pages\/624\/revisions\/645"}],"wp:attachment":[{"href":"https:\/\/www.agchemie-noe.at\/index.php\/wp-json\/wp\/v2\/media?parent=624"}],"curies":[{"name":"wp","href":"https:\/\/api.w.org\/{rel}","templated":true}]}}