{"id":774,"date":"2021-04-03T14:56:36","date_gmt":"2021-04-03T12:56:36","guid":{"rendered":"https:\/\/www.agchemie-noe.at\/?page_id=774"},"modified":"2021-04-03T15:00:40","modified_gmt":"2021-04-03T13:00:40","slug":"ag-tagung-2021","status":"publish","type":"page","link":"https:\/\/www.agchemie-noe.at\/index.php\/ag-tagung-2021\/","title":{"rendered":"AG Tagung 2021"},"content":{"rendered":"\n<p> 21.10.2021: <a href=\"https:\/\/www.ph-online.ac.at\/kphvie\/wbLv.wbShowLVDetail?pStpSpNr=245497&amp;pSpracheNr=1\">AG Tagung AHS Chemie Tag 1<\/a> BRG St. P\u00f6lten, Josefstra\u00dfe<\/p>\n\n\n\n<p> 22.10.2021: <a href=\"https:\/\/www.ph-online.ac.at\/kphvie\/wbLv.wbShowLVDetail?pStpSpNr=245498&amp;pSpracheNr=1\">AG Tagung AHS Chemie Tag 2<\/a> BRG St. P\u00f6lten, Josefstra\u00dfe   <\/p>\n","protected":false},"excerpt":{"rendered":"<p>21.10.2021: AG Tagung AHS Chemie Tag 1 BRG St. P\u00f6lten, Josefstra\u00dfe 22.10.2021: AG Tagung AHS Chemie Tag 2 BRG St. P\u00f6lten, Josefstra\u00dfe<\/p>\n","protected":false},"author":1,"featured_media":0,"parent":0,"menu_order":0,"comment_status":"closed","ping_status":"closed","template":"","meta":{"footnotes":""},"class_list":["post-774","page","type-page","status-publish","hentry"],"_links":{"self":[{"href":"https:\/\/www.agchemie-noe.at\/index.php\/wp-json\/wp\/v2\/pages\/774","targetHints":{"allow":["GET"]}}],"collection":[{"href":"https:\/\/www.agchemie-noe.at\/index.php\/wp-json\/wp\/v2\/pages"}],"about":[{"href":"https:\/\/www.agchemie-noe.at\/index.php\/wp-json\/wp\/v2\/types\/page"}],"author":[{"embeddable":true,"href":"https:\/\/www.agchemie-noe.at\/index.php\/wp-json\/wp\/v2\/users\/1"}],"replies":[{"embeddable":true,"href":"https:\/\/www.agchemie-noe.at\/index.php\/wp-json\/wp\/v2\/comments?post=774"}],"version-history":[{"count":2,"href":"https:\/\/www.agchemie-noe.at\/index.php\/wp-json\/wp\/v2\/pages\/774\/revisions"}],"predecessor-version":[{"id":777,"href":"https:\/\/www.agchemie-noe.at\/index.php\/wp-json\/wp\/v2\/pages\/774\/revisions\/777"}],"wp:attachment":[{"href":"https:\/\/www.agchemie-noe.at\/index.php\/wp-json\/wp\/v2\/media?parent=774"}],"curies":[{"name":"wp","href":"https:\/\/api.w.org\/{rel}","templated":true}]}}